{"id":20,"date":"2020-03-21T16:02:11","date_gmt":"2020-03-21T15:02:11","guid":{"rendered":"http:\/\/www.grainesdepossible.fr\/?page_id=20"},"modified":"2020-03-21T16:02:11","modified_gmt":"2020-03-21T15:02:11","slug":"contact","status":"publish","type":"page","link":"https:\/\/grainesdepossible.ovh\/index.php\/contact\/","title":{"rendered":"Contact"},"content":{"rendered":"\n<p>Le bureau est compos\u00e9 de : <\/p>\n\n\n\n<p>un email pour nous contacter: <a href=\"mailto:grainesdepossible@lilo.org\">grainesdepossible@lilo.org<\/a><\/p>\n\n\n\n<ul class=\"wp-block-list\"><li>une pr\u00e9sidente : Julie<\/li><li>une tr\u00e9sori\u00e8re : Sophie<\/li><li>une secr\u00e9taire : Marylene<\/li><li>un tr\u00e9sorier adjoint : Patrick<\/li><\/ul>\n","protected":false},"excerpt":{"rendered":"<p>Le bureau est compos\u00e9 de : un email pour nous contacter: grainesdepossible@lilo.org une pr\u00e9sidente : Julie une tr\u00e9sori\u00e8re : Sophie une secr\u00e9taire : Marylene un tr\u00e9sorier adjoint : Patrick<\/p>\n","protected":false},"author":2,"featured_media":0,"parent":0,"menu_order":0,"comment_status":"closed","ping_status":"closed","template":"","meta":{"footnotes":""},"class_list":["post-20","page","type-page","status-publish","hentry"],"_links":{"self":[{"href":"https:\/\/grainesdepossible.ovh\/index.php\/wp-json\/wp\/v2\/pages\/20","targetHints":{"allow":["GET"]}}],"collection":[{"href":"https:\/\/grainesdepossible.ovh\/index.php\/wp-json\/wp\/v2\/pages"}],"about":[{"href":"https:\/\/grainesdepossible.ovh\/index.php\/wp-json\/wp\/v2\/types\/page"}],"author":[{"embeddable":true,"href":"https:\/\/grainesdepossible.ovh\/index.php\/wp-json\/wp\/v2\/users\/2"}],"replies":[{"embeddable":true,"href":"https:\/\/grainesdepossible.ovh\/index.php\/wp-json\/wp\/v2\/comments?post=20"}],"version-history":[{"count":0,"href":"https:\/\/grainesdepossible.ovh\/index.php\/wp-json\/wp\/v2\/pages\/20\/revisions"}],"wp:attachment":[{"href":"https:\/\/grainesdepossible.ovh\/index.php\/wp-json\/wp\/v2\/media?parent=20"}],"curies":[{"name":"wp","href":"https:\/\/api.w.org\/{rel}","templated":true}]}}