{"id":208,"date":"2023-03-24T20:07:46","date_gmt":"2023-03-24T19:07:46","guid":{"rendered":"https:\/\/www.grainesdepossible.fr\/?page_id=208"},"modified":"2023-03-24T20:07:46","modified_gmt":"2023-03-24T19:07:46","slug":"la-foret-comestible","status":"publish","type":"page","link":"https:\/\/grainesdepossible.ovh\/index.php\/la-foret-comestible\/","title":{"rendered":"La For\u00eat comestible"},"content":{"rendered":"\n<p>Cette aventure de for\u00eat comestible a d\u00e9marr\u00e9 le samedi 22 octobre 2022 par la plantation d\u2019une cinquantaine d\u2019arbres,  dans le Parc du Vallon de Troarn. Cette plantation a \u00e9t\u00e9 financer par l&rsquo;\u00e9co aventurier Axel F\u00e9rard et l\u2019association \u00ab&nbsp;Graine d\u2019Odyss\u00e9es&nbsp;!&nbsp;\u00bb pour en savoir plus sur ses aventures, suivez-ce lien <a href=\"https:\/\/www.facebook.com\/lepetitvoyageurnormand\/?ref=aymt_homepage_panel&amp;eid=ARBBQJFR8L6x5rB9sqwoG2FghieJtxO1i86ci99cMhNE7yq604LAONre2tIcWBx4P9hD-OeP5EinXjha\">Axel F\u00e9rard &#8211; Le Petit Voyageur<\/a><\/p>\n\n\n\n<p>C\u2019est le plus souvent en famille ou entre amis que de nombreuses personnes ont rejoint le parc pour s\u2019activer autour des pommiers, poiriers et autres figuiers. Cette belle journ\u00e9e ensoleill\u00e9e et conviviale  a \u00e9t\u00e9 particuli\u00e8rement appr\u00e9ci\u00e9e par chacun. <\/p>\n\n\n\n<ul class=\"wp-block-gallery columns-3 is-cropped wp-block-gallery-1 is-layout-flex wp-block-gallery-is-layout-flex\"><li class=\"blocks-gallery-item\"><figure><img loading=\"lazy\" decoding=\"async\" width=\"1600\" height=\"1200\" src=\"http:\/\/grainesdepossible.ovh\/wp-content\/uploads\/2022\/10\/IMG-20221022-WA0039.jpg\" alt=\"\" data-id=\"195\" data-link=\"https:\/\/www.grainesdepossible.fr\/2022\/10\/27\/22-octobre-2022-plantaction\/img-20221022-wa0039\/\" class=\"wp-image-195\" srcset=\"https:\/\/grainesdepossible.ovh\/wp-content\/uploads\/2022\/10\/IMG-20221022-WA0039.jpg 1600w, https:\/\/grainesdepossible.ovh\/wp-content\/uploads\/2022\/10\/IMG-20221022-WA0039-300x225.jpg 300w, https:\/\/grainesdepossible.ovh\/wp-content\/uploads\/2022\/10\/IMG-20221022-WA0039-1024x768.jpg 1024w, https:\/\/grainesdepossible.ovh\/wp-content\/uploads\/2022\/10\/IMG-20221022-WA0039-768x576.jpg 768w, https:\/\/grainesdepossible.ovh\/wp-content\/uploads\/2022\/10\/IMG-20221022-WA0039-1536x1152.jpg 1536w\" sizes=\"auto, (max-width: 1600px) 100vw, 1600px\" \/><\/figure><\/li><li class=\"blocks-gallery-item\"><figure><img loading=\"lazy\" decoding=\"async\" width=\"1600\" height=\"1200\" src=\"http:\/\/grainesdepossible.ovh\/wp-content\/uploads\/2022\/10\/IMG-20221023-WA0054.jpg\" alt=\"\" data-id=\"197\" data-link=\"https:\/\/www.grainesdepossible.fr\/2022\/10\/27\/22-octobre-2022-plantaction\/img-20221023-wa0054\/\" class=\"wp-image-197\" srcset=\"https:\/\/grainesdepossible.ovh\/wp-content\/uploads\/2022\/10\/IMG-20221023-WA0054.jpg 1600w, https:\/\/grainesdepossible.ovh\/wp-content\/uploads\/2022\/10\/IMG-20221023-WA0054-300x225.jpg 300w, https:\/\/grainesdepossible.ovh\/wp-content\/uploads\/2022\/10\/IMG-20221023-WA0054-1024x768.jpg 1024w, https:\/\/grainesdepossible.ovh\/wp-content\/uploads\/2022\/10\/IMG-20221023-WA0054-768x576.jpg 768w, https:\/\/grainesdepossible.ovh\/wp-content\/uploads\/2022\/10\/IMG-20221023-WA0054-1536x1152.jpg 1536w\" sizes=\"auto, (max-width: 1600px) 100vw, 1600px\" \/><\/figure><\/li><li class=\"blocks-gallery-item\"><figure><img loading=\"lazy\" decoding=\"async\" width=\"1600\" height=\"1200\" src=\"http:\/\/grainesdepossible.ovh\/wp-content\/uploads\/2022\/10\/IMG-20221022-WA0036.jpg\" alt=\"\" data-id=\"194\" data-link=\"https:\/\/www.grainesdepossible.fr\/2022\/10\/27\/22-octobre-2022-plantaction\/img-20221022-wa0036\/\" class=\"wp-image-194\" srcset=\"https:\/\/grainesdepossible.ovh\/wp-content\/uploads\/2022\/10\/IMG-20221022-WA0036.jpg 1600w, https:\/\/grainesdepossible.ovh\/wp-content\/uploads\/2022\/10\/IMG-20221022-WA0036-300x225.jpg 300w, https:\/\/grainesdepossible.ovh\/wp-content\/uploads\/2022\/10\/IMG-20221022-WA0036-1024x768.jpg 1024w, https:\/\/grainesdepossible.ovh\/wp-content\/uploads\/2022\/10\/IMG-20221022-WA0036-768x576.jpg 768w, https:\/\/grainesdepossible.ovh\/wp-content\/uploads\/2022\/10\/IMG-20221022-WA0036-1536x1152.jpg 1536w\" sizes=\"auto, (max-width: 1600px) 100vw, 1600px\" \/><\/figure><\/li><li class=\"blocks-gallery-item\"><figure><img loading=\"lazy\" decoding=\"async\" width=\"1129\" height=\"1500\" src=\"http:\/\/grainesdepossible.ovh\/wp-content\/uploads\/2022\/10\/IMG-20221025-WA0000.jpg\" alt=\"\" data-id=\"196\" data-link=\"https:\/\/www.grainesdepossible.fr\/2022\/10\/27\/22-octobre-2022-plantaction\/img-20221025-wa0000\/\" class=\"wp-image-196\" srcset=\"https:\/\/grainesdepossible.ovh\/wp-content\/uploads\/2022\/10\/IMG-20221025-WA0000.jpg 1129w, https:\/\/grainesdepossible.ovh\/wp-content\/uploads\/2022\/10\/IMG-20221025-WA0000-226x300.jpg 226w, https:\/\/grainesdepossible.ovh\/wp-content\/uploads\/2022\/10\/IMG-20221025-WA0000-771x1024.jpg 771w, https:\/\/grainesdepossible.ovh\/wp-content\/uploads\/2022\/10\/IMG-20221025-WA0000-768x1020.jpg 768w\" sizes=\"auto, (max-width: 1129px) 100vw, 1129px\" \/><\/figure><\/li><li class=\"blocks-gallery-item\"><figure><img loading=\"lazy\" decoding=\"async\" width=\"1600\" height=\"1200\" src=\"http:\/\/grainesdepossible.ovh\/wp-content\/uploads\/2022\/10\/IMG-20221022-WA0022.jpg\" alt=\"\" data-id=\"192\" data-link=\"https:\/\/www.grainesdepossible.fr\/2022\/10\/27\/22-octobre-2022-plantaction\/img-20221022-wa0022\/\" class=\"wp-image-192\" srcset=\"https:\/\/grainesdepossible.ovh\/wp-content\/uploads\/2022\/10\/IMG-20221022-WA0022.jpg 1600w, https:\/\/grainesdepossible.ovh\/wp-content\/uploads\/2022\/10\/IMG-20221022-WA0022-300x225.jpg 300w, https:\/\/grainesdepossible.ovh\/wp-content\/uploads\/2022\/10\/IMG-20221022-WA0022-1024x768.jpg 1024w, https:\/\/grainesdepossible.ovh\/wp-content\/uploads\/2022\/10\/IMG-20221022-WA0022-768x576.jpg 768w, https:\/\/grainesdepossible.ovh\/wp-content\/uploads\/2022\/10\/IMG-20221022-WA0022-1536x1152.jpg 1536w\" sizes=\"auto, (max-width: 1600px) 100vw, 1600px\" \/><figcaption>1\u02b3\u1d49 plantation foret comestible<\/figcaption><\/figure><\/li><\/ul>\n","protected":false},"excerpt":{"rendered":"<p>Cette aventure de for\u00eat comestible a d\u00e9marr\u00e9 le samedi 22 octobre 2022 par la plantation d\u2019une cinquantaine d\u2019arbres, dans le Parc du Vallon de Troarn. Cette plantation a \u00e9t\u00e9 financer par l&rsquo;\u00e9co aventurier Axel F\u00e9rard et l\u2019association \u00ab&nbsp;Graine d\u2019Odyss\u00e9es&nbsp;!&nbsp;\u00bb pour en savoir plus sur ses aventures, suivez-ce lien Axel F\u00e9rard &#8211; Le Petit Voyageur C\u2019est [&hellip;]<\/p>\n","protected":false},"author":4,"featured_media":0,"parent":0,"menu_order":0,"comment_status":"closed","ping_status":"closed","template":"","meta":{"footnotes":""},"class_list":["post-208","page","type-page","status-publish","hentry"],"_links":{"self":[{"href":"https:\/\/grainesdepossible.ovh\/index.php\/wp-json\/wp\/v2\/pages\/208","targetHints":{"allow":["GET"]}}],"collection":[{"href":"https:\/\/grainesdepossible.ovh\/index.php\/wp-json\/wp\/v2\/pages"}],"about":[{"href":"https:\/\/grainesdepossible.ovh\/index.php\/wp-json\/wp\/v2\/types\/page"}],"author":[{"embeddable":true,"href":"https:\/\/grainesdepossible.ovh\/index.php\/wp-json\/wp\/v2\/users\/4"}],"replies":[{"embeddable":true,"href":"https:\/\/grainesdepossible.ovh\/index.php\/wp-json\/wp\/v2\/comments?post=208"}],"version-history":[{"count":0,"href":"https:\/\/grainesdepossible.ovh\/index.php\/wp-json\/wp\/v2\/pages\/208\/revisions"}],"wp:attachment":[{"href":"https:\/\/grainesdepossible.ovh\/index.php\/wp-json\/wp\/v2\/media?parent=208"}],"curies":[{"name":"wp","href":"https:\/\/api.w.org\/{rel}","templated":true}]}}