{"id":44,"date":"2020-03-22T23:45:48","date_gmt":"2020-03-22T22:45:48","guid":{"rendered":"http:\/\/www.grainesdepossible.fr\/?page_id=44"},"modified":"2020-03-22T23:45:48","modified_gmt":"2020-03-22T22:45:48","slug":"localisation","status":"publish","type":"page","link":"https:\/\/grainesdepossible.ovh\/index.php\/localisation\/","title":{"rendered":"Localisation"},"content":{"rendered":"\n<p>Notre jardin est situ\u00e9 dans le haut du parc du vallon, \u00e0 Troarn :<\/p>\n\n\n\n<iframe loading=\"lazy\" allowfullscreen=\"\" src=\"https:\/\/umap.openstreetmap.fr\/fr\/map\/jardin-partage-troarn_434458?scaleControl=false&amp;miniMap=false&amp;scrollWheelZoom=true&amp;zoomControl=true&amp;allowEdit=false&amp;moreControl=true&amp;searchControl=null&amp;tilelayersControl=null&amp;embedControl=null&amp;datalayersControl=true&amp;onLoadPanel=undefined&amp;captionBar=false#16\/49.1841\/-0.1845\" width=\"100%\" height=\"500px\" frameborder=\"0\"><\/iframe>\n\n\n\n<p>Et voil\u00e0.<\/p>\n","protected":false},"excerpt":{"rendered":"<p>Notre jardin est situ\u00e9 dans le haut du parc du vallon, \u00e0 Troarn : Et voil\u00e0.<\/p>\n","protected":false},"author":2,"featured_media":0,"parent":0,"menu_order":0,"comment_status":"closed","ping_status":"closed","template":"","meta":{"footnotes":""},"class_list":["post-44","page","type-page","status-publish","hentry"],"_links":{"self":[{"href":"https:\/\/grainesdepossible.ovh\/index.php\/wp-json\/wp\/v2\/pages\/44","targetHints":{"allow":["GET"]}}],"collection":[{"href":"https:\/\/grainesdepossible.ovh\/index.php\/wp-json\/wp\/v2\/pages"}],"about":[{"href":"https:\/\/grainesdepossible.ovh\/index.php\/wp-json\/wp\/v2\/types\/page"}],"author":[{"embeddable":true,"href":"https:\/\/grainesdepossible.ovh\/index.php\/wp-json\/wp\/v2\/users\/2"}],"replies":[{"embeddable":true,"href":"https:\/\/grainesdepossible.ovh\/index.php\/wp-json\/wp\/v2\/comments?post=44"}],"version-history":[{"count":0,"href":"https:\/\/grainesdepossible.ovh\/index.php\/wp-json\/wp\/v2\/pages\/44\/revisions"}],"wp:attachment":[{"href":"https:\/\/grainesdepossible.ovh\/index.php\/wp-json\/wp\/v2\/media?parent=44"}],"curies":[{"name":"wp","href":"https:\/\/api.w.org\/{rel}","templated":true}]}}