{"id":9,"date":"2020-03-21T14:28:55","date_gmt":"2020-03-21T14:28:55","guid":{"rendered":"http:\/\/www.grainesdepossible.fr\/?page_id=5"},"modified":"2020-03-21T14:28:55","modified_gmt":"2020-03-21T14:28:55","slug":"bienvenue-sur-le-jardin-partage-de-troarn","status":"publish","type":"page","link":"https:\/\/grainesdepossible.ovh\/","title":{"rendered":"Bienvenue au jardin partag\u00e9 de Troarn !"},"content":{"rendered":"\n<p>Association cr\u00e9\u00e9e en 2019, avec l\u2019appui de la mairie, par une poign\u00e9e de volontaires, nous accueillons dans nos rangs celles et ceux qui veulent d\u00e9couvrir la permaculture par la pratique.<\/p>\n\n\n\n<p>Un pique-nique est organis\u00e9 un vendredi par mois afin de discuter des actions \u00e0 mener pour le jardin. Pour nous rejoindre, contactez nous directement \u00e0 <a href=\"mailto:grainesdepossible@lilo.org\">grainesdepossible@lilo.org<\/a><\/p>\n\n\n\n<p>\u00c0 bient\u00f4t !<\/p>\n","protected":false},"excerpt":{"rendered":"<p>Association cr\u00e9\u00e9e en 2019, avec l\u2019appui de la mairie, par une poign\u00e9e de volontaires, nous accueillons dans nos rangs celles et ceux qui veulent d\u00e9couvrir la permaculture par la pratique. Un pique-nique est organis\u00e9 un vendredi par mois afin de discuter des actions \u00e0 mener pour le jardin. Pour nous rejoindre, contactez nous directement \u00e0 [&hellip;]<\/p>\n","protected":false},"author":2,"featured_media":0,"parent":0,"menu_order":0,"comment_status":"closed","ping_status":"closed","template":"","meta":{"footnotes":""},"class_list":["post-9","page","type-page","status-publish","hentry"],"_links":{"self":[{"href":"https:\/\/grainesdepossible.ovh\/index.php\/wp-json\/wp\/v2\/pages\/9","targetHints":{"allow":["GET"]}}],"collection":[{"href":"https:\/\/grainesdepossible.ovh\/index.php\/wp-json\/wp\/v2\/pages"}],"about":[{"href":"https:\/\/grainesdepossible.ovh\/index.php\/wp-json\/wp\/v2\/types\/page"}],"author":[{"embeddable":true,"href":"https:\/\/grainesdepossible.ovh\/index.php\/wp-json\/wp\/v2\/users\/2"}],"replies":[{"embeddable":true,"href":"https:\/\/grainesdepossible.ovh\/index.php\/wp-json\/wp\/v2\/comments?post=9"}],"version-history":[{"count":0,"href":"https:\/\/grainesdepossible.ovh\/index.php\/wp-json\/wp\/v2\/pages\/9\/revisions"}],"wp:attachment":[{"href":"https:\/\/grainesdepossible.ovh\/index.php\/wp-json\/wp\/v2\/media?parent=9"}],"curies":[{"name":"wp","href":"https:\/\/api.w.org\/{rel}","templated":true}]}}